{"id":716,"date":"2024-05-06T11:45:09","date_gmt":"2024-05-06T11:45:09","guid":{"rendered":"https:\/\/bizdepot.miami\/?page_id=716"},"modified":"2024-05-06T11:46:18","modified_gmt":"2024-05-06T11:46:18","slug":"sales-taxes","status":"publish","type":"page","link":"https:\/\/bizdepotmiami.com\/es\/sales-taxes\/","title":{"rendered":"Impuestos sobre las ventas"},"content":{"rendered":"<p>Bienvenido a BizDepot.miami, su principal destino para una experiencia de compra perfecta en Florida. Al comprar con nosotros, es esencial entender las implicaciones fiscales que pueden aplicarse a sus compras. Explore esta p\u00e1gina para obtener m\u00e1s informaci\u00f3n sobre la normativa del impuesto sobre las ventas de Florida y c\u00f3mo afecta a su experiencia de compra en l\u00ednea.<\/p>\n\n\n\n<p><strong>Comprender el impuesto sobre las ventas<\/strong><\/p>\n\n\n\n<p>En Florida, el impuesto sobre las ventas grava la venta de bienes personales tangibles, as\u00ed como determinados servicios. Cuando realice una compra en nuestro sitio web y los art\u00edculos se env\u00eden a una direcci\u00f3n de Florida, el impuesto sobre las ventas se aplicar\u00e1 a su pedido en funci\u00f3n del tipo impositivo aplicable en su localidad.<\/p>\n\n\n\n<p><strong>Tipos del IVA<\/strong><\/p>\n\n\n\n<p>El tipo del impuesto sobre las ventas de Florida var\u00eda en funci\u00f3n del condado y de los impuestos locales adicionales que puedan aplicarse. Para garantizar la transparencia, proporcionamos una calculadora de impuestos sobre las ventas en la caja, lo que le permite ver la cantidad exacta de impuestos sobre las ventas aplicados a su pedido en funci\u00f3n de su direcci\u00f3n de env\u00edo.<\/p>\n\n\n\n<p><strong>Exenciones fiscales<\/strong><\/p>\n\n\n\n<p>Algunos art\u00edculos pueden estar exentos del impuesto sobre las ventas en Florida. Sin embargo, estas exenciones son espec\u00edficas y pueden variar en funci\u00f3n de factores como el tipo de art\u00edculo comprado y su uso previsto. Aunque muchos art\u00edculos de uso cotidiano est\u00e1n sujetos al impuesto sobre las ventas, existen exenciones para art\u00edculos de primera necesidad como comestibles, medicamentos con receta y equipos m\u00e9dicos.<\/p>\n\n\n\n<p><strong>Cumplimiento fiscal<\/strong><\/p>\n\n\n\n<p>Como minorista online que opera en Florida, nos comprometemos a cumplir todas las leyes fiscales estatales y locales. Recaudamos y remitimos el impuesto sobre las ventas en nombre de nuestros clientes para garantizar el cumplimiento de la normativa fiscal de Florida. Tenga la seguridad de que el impuesto sobre las ventas que paga por sus compras va directamente a las autoridades fiscales correspondientes.<\/p>\n\n\n\n<p><strong>Preguntas frecuentes<\/strong><\/p>\n\n\n\n<p>\u00bfTiene preguntas sobre el impuesto sobre las ventas en nuestro sitio de compras en l\u00ednea? Consulte nuestra secci\u00f3n de preguntas frecuentes para obtener respuestas a las dudas m\u00e1s comunes sobre tipos impositivos, exenciones y mucho m\u00e1s.<\/p>\n\n\n\n<p><strong>P\u00f3ngase en contacto con nosotros<\/strong><\/p>\n\n\n\n<p>Si tiene m\u00e1s preguntas o necesita ayuda sobre el impuesto sobre las ventas en nuestro sitio web, no dude en ponerse en contacto con nuestro equipo de atenci\u00f3n al cliente. Estamos aqu\u00ed para ayudarle con cualquier consulta relacionada con los impuestos que pueda tener.<\/p>\n\n\n\n<p><strong>Descargo de responsabilidad<\/strong><\/p>\n\n\n\n<p>Tenga en cuenta que la informaci\u00f3n proporcionada en esta p\u00e1gina es s\u00f3lo para fines informativos y no debe considerarse como asesoramiento legal o financiero. Para consultas espec\u00edficas relacionadas con los impuestos, recomendamos consultar con un profesional fiscal o con el Departamento de Hacienda de Florida.<\/p>\n\n\n\n<p><strong>Mant\u00e9ngase informado<\/strong><\/p>\n\n\n\n<p>Mant\u00e9ngase informado sobre las actualizaciones del impuesto sobre las ventas y las noticias relacionadas con las compras por Internet en Florida suscribi\u00e9ndose a nuestro bolet\u00edn de noticias. Sea el primero en conocer cualquier cambio que pueda afectar a su experiencia de compra.<\/p>","protected":false},"excerpt":{"rendered":"<p>Welcome to BizDepot.miami, your premier destination for a seamless shopping experience in Florida. As you shop with us, it&#8217;s essential to understand the tax implications that may apply to your purchases. Explore this page to learn more about Florida&#8217;s sales tax regulations and how they affect your online shopping experience. Understanding Sales Tax In Florida, [&hellip;]<\/p>\n","protected":false},"author":2,"featured_media":0,"parent":0,"menu_order":0,"comment_status":"closed","ping_status":"closed","template":"","meta":{"footnotes":""},"class_list":["post-716","page","type-page","status-publish","hentry"],"yoast_head":"<!-- This site is optimized with the Yoast SEO plugin v27.3 - https:\/\/yoast.com\/product\/yoast-seo-wordpress\/ -->\n<title>Sales Taxes - BizDepot Miami<\/title>\n<meta name=\"robots\" content=\"index, follow, max-snippet:-1, max-image-preview:large, max-video-preview:-1\" \/>\n<link rel=\"canonical\" href=\"https:\/\/bizdepot.miami\/sales-taxes\/\" \/>\n<meta property=\"og:locale\" content=\"es_ES\" \/>\n<meta property=\"og:type\" content=\"article\" \/>\n<meta property=\"og:title\" content=\"Sales Taxes - BizDepot Miami\" \/>\n<meta property=\"og:description\" content=\"Welcome to BizDepot.miami, your premier destination for a seamless shopping experience in Florida. As you shop with us, it&#8217;s essential to understand the tax implications that may apply to your purchases. Explore this page to learn more about Florida&#8217;s sales tax regulations and how they affect your online shopping experience. Understanding Sales Tax In Florida, [&hellip;]\" \/>\n<meta property=\"og:url\" content=\"https:\/\/bizdepot.miami\/sales-taxes\/\" \/>\n<meta property=\"og:site_name\" content=\"BizDepot Miami\" \/>\n<meta property=\"article:modified_time\" content=\"2024-05-06T11:46:18+00:00\" \/>\n<meta name=\"twitter:card\" content=\"summary_large_image\" \/>\n<meta name=\"twitter:label1\" content=\"Tiempo de lectura\" \/>\n\t<meta name=\"twitter:data1\" content=\"2 minutos\" \/>\n<script type=\"application\/ld+json\" class=\"yoast-schema-graph\">{\"@context\":\"https:\\\/\\\/schema.org\",\"@graph\":[{\"@type\":\"WebPage\",\"@id\":\"https:\\\/\\\/bizdepot.miami\\\/sales-taxes\\\/\",\"url\":\"https:\\\/\\\/bizdepot.miami\\\/sales-taxes\\\/\",\"name\":\"Sales Taxes - BizDepot Miami\",\"isPartOf\":{\"@id\":\"https:\\\/\\\/bizdepotmiami.com\\\/#website\"},\"datePublished\":\"2024-05-06T11:45:09+00:00\",\"dateModified\":\"2024-05-06T11:46:18+00:00\",\"breadcrumb\":{\"@id\":\"https:\\\/\\\/bizdepot.miami\\\/sales-taxes\\\/#breadcrumb\"},\"inLanguage\":\"es-AR\",\"potentialAction\":[{\"@type\":\"ReadAction\",\"target\":[\"https:\\\/\\\/bizdepot.miami\\\/sales-taxes\\\/\"]}]},{\"@type\":\"BreadcrumbList\",\"@id\":\"https:\\\/\\\/bizdepot.miami\\\/sales-taxes\\\/#breadcrumb\",\"itemListElement\":[{\"@type\":\"ListItem\",\"position\":1,\"name\":\"Home\",\"item\":\"https:\\\/\\\/bizdepot.miami\\\/\"},{\"@type\":\"ListItem\",\"position\":2,\"name\":\"Sales Taxes\"}]},{\"@type\":\"WebSite\",\"@id\":\"https:\\\/\\\/bizdepotmiami.com\\\/#website\",\"url\":\"https:\\\/\\\/bizdepotmiami.com\\\/\",\"name\":\"BizDepot Miami\",\"description\":\"\",\"publisher\":{\"@id\":\"https:\\\/\\\/bizdepotmiami.com\\\/#organization\"},\"potentialAction\":[{\"@type\":\"SearchAction\",\"target\":{\"@type\":\"EntryPoint\",\"urlTemplate\":\"https:\\\/\\\/bizdepotmiami.com\\\/?s={search_term_string}\"},\"query-input\":{\"@type\":\"PropertyValueSpecification\",\"valueRequired\":true,\"valueName\":\"search_term_string\"}}],\"inLanguage\":\"es-AR\"},{\"@type\":\"Organization\",\"@id\":\"https:\\\/\\\/bizdepotmiami.com\\\/#organization\",\"name\":\"BizDepot Miami\",\"url\":\"https:\\\/\\\/bizdepotmiami.com\\\/\",\"logo\":{\"@type\":\"ImageObject\",\"inLanguage\":\"es-AR\",\"@id\":\"https:\\\/\\\/bizdepotmiami.com\\\/#\\\/schema\\\/logo\\\/image\\\/\",\"url\":\"https:\\\/\\\/bizdepotmiami.com\\\/wp-content\\\/uploads\\\/2024\\\/04\\\/BizDepotLogo2024.png\",\"contentUrl\":\"https:\\\/\\\/bizdepotmiami.com\\\/wp-content\\\/uploads\\\/2024\\\/04\\\/BizDepotLogo2024.png\",\"width\":600,\"height\":134,\"caption\":\"BizDepot Miami\"},\"image\":{\"@id\":\"https:\\\/\\\/bizdepotmiami.com\\\/#\\\/schema\\\/logo\\\/image\\\/\"}}]}<\/script>\n<!-- \/ Yoast SEO plugin. -->","yoast_head_json":{"title":"Sales Taxes - BizDepot Miami","robots":{"index":"index","follow":"follow","max-snippet":"max-snippet:-1","max-image-preview":"max-image-preview:large","max-video-preview":"max-video-preview:-1"},"canonical":"https:\/\/bizdepot.miami\/sales-taxes\/","og_locale":"es_ES","og_type":"article","og_title":"Sales Taxes - BizDepot Miami","og_description":"Welcome to BizDepot.miami, your premier destination for a seamless shopping experience in Florida. As you shop with us, it&#8217;s essential to understand the tax implications that may apply to your purchases. Explore this page to learn more about Florida&#8217;s sales tax regulations and how they affect your online shopping experience. Understanding Sales Tax In Florida, [&hellip;]","og_url":"https:\/\/bizdepot.miami\/sales-taxes\/","og_site_name":"BizDepot Miami","article_modified_time":"2024-05-06T11:46:18+00:00","twitter_card":"summary_large_image","twitter_misc":{"Tiempo de lectura":"2 minutos"},"schema":{"@context":"https:\/\/schema.org","@graph":[{"@type":"WebPage","@id":"https:\/\/bizdepot.miami\/sales-taxes\/","url":"https:\/\/bizdepot.miami\/sales-taxes\/","name":"Sales Taxes - BizDepot Miami","isPartOf":{"@id":"https:\/\/bizdepotmiami.com\/#website"},"datePublished":"2024-05-06T11:45:09+00:00","dateModified":"2024-05-06T11:46:18+00:00","breadcrumb":{"@id":"https:\/\/bizdepot.miami\/sales-taxes\/#breadcrumb"},"inLanguage":"es-AR","potentialAction":[{"@type":"ReadAction","target":["https:\/\/bizdepot.miami\/sales-taxes\/"]}]},{"@type":"BreadcrumbList","@id":"https:\/\/bizdepot.miami\/sales-taxes\/#breadcrumb","itemListElement":[{"@type":"ListItem","position":1,"name":"Home","item":"https:\/\/bizdepot.miami\/"},{"@type":"ListItem","position":2,"name":"Sales Taxes"}]},{"@type":"WebSite","@id":"https:\/\/bizdepotmiami.com\/#website","url":"https:\/\/bizdepotmiami.com\/","name":"BizDepot Miami","description":"","publisher":{"@id":"https:\/\/bizdepotmiami.com\/#organization"},"potentialAction":[{"@type":"SearchAction","target":{"@type":"EntryPoint","urlTemplate":"https:\/\/bizdepotmiami.com\/?s={search_term_string}"},"query-input":{"@type":"PropertyValueSpecification","valueRequired":true,"valueName":"search_term_string"}}],"inLanguage":"es-AR"},{"@type":"Organization","@id":"https:\/\/bizdepotmiami.com\/#organization","name":"BizDepot Miami","url":"https:\/\/bizdepotmiami.com\/","logo":{"@type":"ImageObject","inLanguage":"es-AR","@id":"https:\/\/bizdepotmiami.com\/#\/schema\/logo\/image\/","url":"https:\/\/bizdepotmiami.com\/wp-content\/uploads\/2024\/04\/BizDepotLogo2024.png","contentUrl":"https:\/\/bizdepotmiami.com\/wp-content\/uploads\/2024\/04\/BizDepotLogo2024.png","width":600,"height":134,"caption":"BizDepot Miami"},"image":{"@id":"https:\/\/bizdepotmiami.com\/#\/schema\/logo\/image\/"}}]}},"_links":{"self":[{"href":"https:\/\/bizdepotmiami.com\/es\/wp-json\/wp\/v2\/pages\/716","targetHints":{"allow":["GET"]}}],"collection":[{"href":"https:\/\/bizdepotmiami.com\/es\/wp-json\/wp\/v2\/pages"}],"about":[{"href":"https:\/\/bizdepotmiami.com\/es\/wp-json\/wp\/v2\/types\/page"}],"author":[{"embeddable":true,"href":"https:\/\/bizdepotmiami.com\/es\/wp-json\/wp\/v2\/users\/2"}],"replies":[{"embeddable":true,"href":"https:\/\/bizdepotmiami.com\/es\/wp-json\/wp\/v2\/comments?post=716"}],"version-history":[{"count":2,"href":"https:\/\/bizdepotmiami.com\/es\/wp-json\/wp\/v2\/pages\/716\/revisions"}],"predecessor-version":[{"id":718,"href":"https:\/\/bizdepotmiami.com\/es\/wp-json\/wp\/v2\/pages\/716\/revisions\/718"}],"wp:attachment":[{"href":"https:\/\/bizdepotmiami.com\/es\/wp-json\/wp\/v2\/media?parent=716"}],"curies":[{"name":"wp","href":"https:\/\/api.w.org\/{rel}","templated":true}]}}