{"id":644,"date":"2024-03-18T11:53:42","date_gmt":"2024-03-18T11:53:42","guid":{"rendered":"https:\/\/bizdepot.miami\/?post_type=product&#038;p=644"},"modified":"2024-03-18T13:21:25","modified_gmt":"2024-03-18T13:21:25","slug":"miami-area-local-delivery-service","status":"publish","type":"product","link":"https:\/\/bizdepotmiami.com\/es\/producto\/miami-area-local-delivery-service\/","title":{"rendered":"Servicio de entrega local en el \u00e1rea de Miami"},"content":{"rendered":"<p>Bienvenido a JP Delivery Service, su principal opci\u00f3n para servicios de entrega local en la vibrante metr\u00f3polis de Miami. Con nuestro compromiso con la fiabilidad, la eficiencia y un servicio al cliente sin igual, estamos aqu\u00ed para asegurar que sus mercanc\u00edas lleguen a su destino de forma r\u00e1pida y segura, en todo momento.<\/p>\n<p>\u00bfPor qu\u00e9 elegirnos?<\/p>\n<ul>\n<li><strong>Experiencia local:<\/strong> Como nativos de Miami, conocemos la ciudad como la palma de nuestra mano. Desde la navegaci\u00f3n por las bulliciosas calles a la comprensi\u00f3n de los patrones de tr\u00e1fico, nuestros conductores est\u00e1n equipados con la experiencia local para llevar sus env\u00edos a donde tienen que ir, sin demora.<\/li>\n<li><strong>Flota de vanguardia:<\/strong> Nuestra flota de veh\u00edculos de \u00faltima generaci\u00f3n se mantiene meticulosamente y est\u00e1 equipada con la tecnolog\u00eda m\u00e1s avanzada para garantizar unas operaciones fluidas y unas entregas puntuales. Desde peque\u00f1os paquetes hasta cargas de gran tama\u00f1o, tenemos la soluci\u00f3n perfecta para satisfacer sus necesidades de transporte.<\/li>\n<li><strong>Fiabilidad garantizada:<\/strong> En Miami Local Trucking, la fiabilidad no es s\u00f3lo una promesa; es nuestro compromiso. Entendemos la importancia de los plazos y nos esforzamos por superar sus expectativas con cada entrega. Con nosotros, puede estar seguro de que sus env\u00edos est\u00e1n en buenas manos.<\/li>\n<li><strong>Atenci\u00f3n al cliente excepcional:<\/strong> Su satisfacci\u00f3n es nuestra m\u00e1xima prioridad. Nuestro equipo amable y profesional est\u00e1 disponible las 24 horas del d\u00eda para responder a cualquier pregunta o duda que pueda tener. Creemos en la construcci\u00f3n de relaciones duraderas con nuestros clientes, y vamos m\u00e1s all\u00e1 para asegurar que su experiencia con nosotros es perfecta y libre de estr\u00e9s.<\/li>\n<li><strong>Soluciones a medida:<\/strong> Entendemos que cada negocio es \u00fanico, por lo que ofrecemos soluciones de entrega flexibles y personalizables que se adaptan a sus necesidades espec\u00edficas. Tanto si necesita entregas en el mismo d\u00eda, env\u00edos recurrentes o manipulaci\u00f3n especializada, tenemos todo lo que necesita.<\/li>\n<\/ul>\n<p>Experimente la diferencia de JP Delivery: \u00danase a las filas de empresas satisfechas que conf\u00edan en JP Delivery para sus necesidades de entrega. Con nuestro compromiso inquebrantable con la excelencia, estamos aqu\u00ed para elevar su juego log\u00edstico e impulsar su negocio hacia el \u00e9xito.<\/p>","protected":false},"excerpt":{"rendered":"<p>P\u00f3ngase en contacto con nosotros hoy mismo: (305) 994-9929<\/p>\n<p>\u00bfListo para experimentar la comodidad de las entregas sin problemas en la Ciudad M\u00e1gica? P\u00f3ngase en contacto con nosotros hoy mismo para obtener m\u00e1s informaci\u00f3n sobre nuestros servicios y solicitar un presupuesto. Entrega JP: Donde la fiabilidad se une a la excelencia en cada milla.<\/p>","protected":false},"featured_media":645,"comment_status":"open","ping_status":"closed","template":"","meta":[],"product_brand":[],"product_cat":[15],"product_tag":[],"class_list":{"0":"post-644","1":"product","2":"type-product","3":"status-publish","4":"has-post-thumbnail","6":"product_cat-industrial-scales","8":"first","9":"instock","10":"taxable","11":"shipping-taxable","12":"product-type-simple"},"yoast_head":"<!-- This site is optimized with the Yoast SEO plugin v27.4 - https:\/\/yoast.com\/product\/yoast-seo-wordpress\/ -->\n<title>Miami Area Local Delivery Service - BizDepot Miami<\/title>\n<meta name=\"robots\" content=\"index, follow, max-snippet:-1, max-image-preview:large, max-video-preview:-1\" \/>\n<link rel=\"canonical\" href=\"https:\/\/bizdepot.miami\/product\/miami-area-local-delivery-service\/\" \/>\n<meta property=\"og:locale\" content=\"es_ES\" \/>\n<meta property=\"og:type\" content=\"article\" \/>\n<meta property=\"og:title\" content=\"Miami Area Local Delivery Service - BizDepot Miami\" \/>\n<meta property=\"og:description\" content=\"Contact Us Today: (305) 994-9929  Ready to experience the convenience of seamless deliveries in the Magic City? Get in touch with us today to learn more about our services and request a quote. JP Delivery: Where reliability meets excellence in every mile.\" \/>\n<meta property=\"og:url\" content=\"https:\/\/bizdepot.miami\/product\/miami-area-local-delivery-service\/\" \/>\n<meta property=\"og:site_name\" content=\"BizDepot Miami\" \/>\n<meta property=\"article:modified_time\" content=\"2024-03-18T13:21:25+00:00\" \/>\n<meta property=\"og:image\" content=\"https:\/\/bizdepot.miami\/wp-content\/uploads\/2024\/03\/truck_delivery-1024x1024.jpeg\" \/>\n\t<meta property=\"og:image:width\" content=\"1024\" \/>\n\t<meta property=\"og:image:height\" content=\"1024\" \/>\n\t<meta property=\"og:image:type\" content=\"image\/jpeg\" \/>\n<meta name=\"twitter:card\" content=\"summary_large_image\" \/>\n<meta name=\"twitter:label1\" content=\"Tiempo de lectura\" \/>\n\t<meta name=\"twitter:data1\" content=\"2 minutos\" \/>\n<script type=\"application\/ld+json\" class=\"yoast-schema-graph\">{\"@context\":\"https:\\\/\\\/schema.org\",\"@graph\":[{\"@type\":\"WebPage\",\"@id\":\"https:\\\/\\\/bizdepot.miami\\\/product\\\/miami-area-local-delivery-service\\\/\",\"url\":\"https:\\\/\\\/bizdepot.miami\\\/product\\\/miami-area-local-delivery-service\\\/\",\"name\":\"Miami Area Local Delivery Service - BizDepot Miami\",\"isPartOf\":{\"@id\":\"https:\\\/\\\/bizdepotmiami.com\\\/#website\"},\"primaryImageOfPage\":{\"@id\":\"https:\\\/\\\/bizdepot.miami\\\/product\\\/miami-area-local-delivery-service\\\/#primaryimage\"},\"image\":{\"@id\":\"https:\\\/\\\/bizdepot.miami\\\/product\\\/miami-area-local-delivery-service\\\/#primaryimage\"},\"thumbnailUrl\":\"https:\\\/\\\/bizdepotmiami.com\\\/wp-content\\\/uploads\\\/2024\\\/03\\\/truck_delivery.jpeg\",\"datePublished\":\"2024-03-18T11:53:42+00:00\",\"dateModified\":\"2024-03-18T13:21:25+00:00\",\"breadcrumb\":{\"@id\":\"https:\\\/\\\/bizdepot.miami\\\/product\\\/miami-area-local-delivery-service\\\/#breadcrumb\"},\"inLanguage\":\"es-AR\",\"potentialAction\":[{\"@type\":\"ReadAction\",\"target\":[\"https:\\\/\\\/bizdepot.miami\\\/product\\\/miami-area-local-delivery-service\\\/\"]}]},{\"@type\":\"ImageObject\",\"inLanguage\":\"es-AR\",\"@id\":\"https:\\\/\\\/bizdepot.miami\\\/product\\\/miami-area-local-delivery-service\\\/#primaryimage\",\"url\":\"https:\\\/\\\/bizdepotmiami.com\\\/wp-content\\\/uploads\\\/2024\\\/03\\\/truck_delivery.jpeg\",\"contentUrl\":\"https:\\\/\\\/bizdepotmiami.com\\\/wp-content\\\/uploads\\\/2024\\\/03\\\/truck_delivery.jpeg\",\"width\":2400,\"height\":2400},{\"@type\":\"BreadcrumbList\",\"@id\":\"https:\\\/\\\/bizdepot.miami\\\/product\\\/miami-area-local-delivery-service\\\/#breadcrumb\",\"itemListElement\":[{\"@type\":\"ListItem\",\"position\":1,\"name\":\"Home\",\"item\":\"https:\\\/\\\/bizdepot.miami\\\/\"},{\"@type\":\"ListItem\",\"position\":2,\"name\":\"Store\",\"item\":\"https:\\\/\\\/bizdepot.miami\\\/store-2\\\/\"},{\"@type\":\"ListItem\",\"position\":3,\"name\":\"Miami Area Local Delivery Service\"}]},{\"@type\":\"WebSite\",\"@id\":\"https:\\\/\\\/bizdepotmiami.com\\\/#website\",\"url\":\"https:\\\/\\\/bizdepotmiami.com\\\/\",\"name\":\"BizDepot Miami\",\"description\":\"\",\"publisher\":{\"@id\":\"https:\\\/\\\/bizdepotmiami.com\\\/#organization\"},\"potentialAction\":[{\"@type\":\"SearchAction\",\"target\":{\"@type\":\"EntryPoint\",\"urlTemplate\":\"https:\\\/\\\/bizdepotmiami.com\\\/?s={search_term_string}\"},\"query-input\":{\"@type\":\"PropertyValueSpecification\",\"valueRequired\":true,\"valueName\":\"search_term_string\"}}],\"inLanguage\":\"es-AR\"},{\"@type\":\"Organization\",\"@id\":\"https:\\\/\\\/bizdepotmiami.com\\\/#organization\",\"name\":\"BizDepot Miami\",\"url\":\"https:\\\/\\\/bizdepotmiami.com\\\/\",\"logo\":{\"@type\":\"ImageObject\",\"inLanguage\":\"es-AR\",\"@id\":\"https:\\\/\\\/bizdepotmiami.com\\\/#\\\/schema\\\/logo\\\/image\\\/\",\"url\":\"https:\\\/\\\/bizdepotmiami.com\\\/wp-content\\\/uploads\\\/2024\\\/04\\\/BizDepotLogo2024.png\",\"contentUrl\":\"https:\\\/\\\/bizdepotmiami.com\\\/wp-content\\\/uploads\\\/2024\\\/04\\\/BizDepotLogo2024.png\",\"width\":600,\"height\":134,\"caption\":\"BizDepot Miami\"},\"image\":{\"@id\":\"https:\\\/\\\/bizdepotmiami.com\\\/#\\\/schema\\\/logo\\\/image\\\/\"}}]}<\/script>\n<!-- \/ Yoast SEO plugin. -->","yoast_head_json":{"title":"Miami Area Local Delivery Service - BizDepot Miami","robots":{"index":"index","follow":"follow","max-snippet":"max-snippet:-1","max-image-preview":"max-image-preview:large","max-video-preview":"max-video-preview:-1"},"canonical":"https:\/\/bizdepot.miami\/product\/miami-area-local-delivery-service\/","og_locale":"es_ES","og_type":"article","og_title":"Miami Area Local Delivery Service - BizDepot Miami","og_description":"Contact Us Today: (305) 994-9929  Ready to experience the convenience of seamless deliveries in the Magic City? Get in touch with us today to learn more about our services and request a quote. JP Delivery: Where reliability meets excellence in every mile.","og_url":"https:\/\/bizdepot.miami\/product\/miami-area-local-delivery-service\/","og_site_name":"BizDepot Miami","article_modified_time":"2024-03-18T13:21:25+00:00","og_image":[{"width":1024,"height":1024,"url":"https:\/\/bizdepot.miami\/wp-content\/uploads\/2024\/03\/truck_delivery-1024x1024.jpeg","type":"image\/jpeg"}],"twitter_card":"summary_large_image","twitter_misc":{"Tiempo de lectura":"2 minutos"},"schema":{"@context":"https:\/\/schema.org","@graph":[{"@type":"WebPage","@id":"https:\/\/bizdepot.miami\/product\/miami-area-local-delivery-service\/","url":"https:\/\/bizdepot.miami\/product\/miami-area-local-delivery-service\/","name":"Miami Area Local Delivery Service - BizDepot Miami","isPartOf":{"@id":"https:\/\/bizdepotmiami.com\/#website"},"primaryImageOfPage":{"@id":"https:\/\/bizdepot.miami\/product\/miami-area-local-delivery-service\/#primaryimage"},"image":{"@id":"https:\/\/bizdepot.miami\/product\/miami-area-local-delivery-service\/#primaryimage"},"thumbnailUrl":"https:\/\/bizdepotmiami.com\/wp-content\/uploads\/2024\/03\/truck_delivery.jpeg","datePublished":"2024-03-18T11:53:42+00:00","dateModified":"2024-03-18T13:21:25+00:00","breadcrumb":{"@id":"https:\/\/bizdepot.miami\/product\/miami-area-local-delivery-service\/#breadcrumb"},"inLanguage":"es-AR","potentialAction":[{"@type":"ReadAction","target":["https:\/\/bizdepot.miami\/product\/miami-area-local-delivery-service\/"]}]},{"@type":"ImageObject","inLanguage":"es-AR","@id":"https:\/\/bizdepot.miami\/product\/miami-area-local-delivery-service\/#primaryimage","url":"https:\/\/bizdepotmiami.com\/wp-content\/uploads\/2024\/03\/truck_delivery.jpeg","contentUrl":"https:\/\/bizdepotmiami.com\/wp-content\/uploads\/2024\/03\/truck_delivery.jpeg","width":2400,"height":2400},{"@type":"BreadcrumbList","@id":"https:\/\/bizdepot.miami\/product\/miami-area-local-delivery-service\/#breadcrumb","itemListElement":[{"@type":"ListItem","position":1,"name":"Home","item":"https:\/\/bizdepot.miami\/"},{"@type":"ListItem","position":2,"name":"Store","item":"https:\/\/bizdepot.miami\/store-2\/"},{"@type":"ListItem","position":3,"name":"Miami Area Local Delivery Service"}]},{"@type":"WebSite","@id":"https:\/\/bizdepotmiami.com\/#website","url":"https:\/\/bizdepotmiami.com\/","name":"BizDepot Miami","description":"","publisher":{"@id":"https:\/\/bizdepotmiami.com\/#organization"},"potentialAction":[{"@type":"SearchAction","target":{"@type":"EntryPoint","urlTemplate":"https:\/\/bizdepotmiami.com\/?s={search_term_string}"},"query-input":{"@type":"PropertyValueSpecification","valueRequired":true,"valueName":"search_term_string"}}],"inLanguage":"es-AR"},{"@type":"Organization","@id":"https:\/\/bizdepotmiami.com\/#organization","name":"BizDepot Miami","url":"https:\/\/bizdepotmiami.com\/","logo":{"@type":"ImageObject","inLanguage":"es-AR","@id":"https:\/\/bizdepotmiami.com\/#\/schema\/logo\/image\/","url":"https:\/\/bizdepotmiami.com\/wp-content\/uploads\/2024\/04\/BizDepotLogo2024.png","contentUrl":"https:\/\/bizdepotmiami.com\/wp-content\/uploads\/2024\/04\/BizDepotLogo2024.png","width":600,"height":134,"caption":"BizDepot Miami"},"image":{"@id":"https:\/\/bizdepotmiami.com\/#\/schema\/logo\/image\/"}}]}},"_links":{"self":[{"href":"https:\/\/bizdepotmiami.com\/es\/wp-json\/wp\/v2\/product\/644","targetHints":{"allow":["GET"]}}],"collection":[{"href":"https:\/\/bizdepotmiami.com\/es\/wp-json\/wp\/v2\/product"}],"about":[{"href":"https:\/\/bizdepotmiami.com\/es\/wp-json\/wp\/v2\/types\/product"}],"replies":[{"embeddable":true,"href":"https:\/\/bizdepotmiami.com\/es\/wp-json\/wp\/v2\/comments?post=644"}],"wp:featuredmedia":[{"embeddable":true,"href":"https:\/\/bizdepotmiami.com\/es\/wp-json\/wp\/v2\/media\/645"}],"wp:attachment":[{"href":"https:\/\/bizdepotmiami.com\/es\/wp-json\/wp\/v2\/media?parent=644"}],"wp:term":[{"taxonomy":"product_brand","embeddable":true,"href":"https:\/\/bizdepotmiami.com\/es\/wp-json\/wp\/v2\/product_brand?post=644"},{"taxonomy":"product_cat","embeddable":true,"href":"https:\/\/bizdepotmiami.com\/es\/wp-json\/wp\/v2\/product_cat?post=644"},{"taxonomy":"product_tag","embeddable":true,"href":"https:\/\/bizdepotmiami.com\/es\/wp-json\/wp\/v2\/product_tag?post=644"}],"curies":[{"name":"wp","href":"https:\/\/api.w.org\/{rel}","templated":true}]}}