{"id":561,"date":"2024-03-04T00:51:48","date_gmt":"2024-03-04T00:51:48","guid":{"rendered":"https:\/\/bizdepot.miami\/?post_type=product&#038;p=561"},"modified":"2024-03-04T03:57:37","modified_gmt":"2024-03-04T03:57:37","slug":"prime-systems-ps-k120s-g3-multi-functional-stretch-wrap-machine-with-built-in-weight-and-height-measurer-and-label-printer","status":"publish","type":"product","link":"https:\/\/bizdepotmiami.com\/fr\/produit\/prime-systems-ps-k120s-g3-multi-functional-stretch-wrap-machine-with-built-in-weight-and-height-measurer-and-label-printer\/","title":{"rendered":"Prime Systems PS-K120S G3 Machine \u00e0 emballer sous film \u00e9tirable multifonctionnelle avec mesureur de poids et de hauteur int\u00e9gr\u00e9 et imprimante d'\u00e9tiquettes"},"content":{"rendered":"<h2><span style=\"font-size: 16px;\">Prime Systems PS-K120S G3 : r\u00e9volutionner l'emballage sous film \u00e9tirable gr\u00e2ce \u00e0 l'int\u00e9gration des balances<\/span><\/h2>\n<section>Voici la PS-K120S G3 de Prime Systems, une machine d'emballage sous film \u00e9tirable tout-en-un r\u00e9volutionnant vos processus d'emballage, de pesage et de mesure. Cette solution innovante est con\u00e7ue pour am\u00e9liorer l'efficacit\u00e9, la pr\u00e9cision et la productivit\u00e9 globale.<\/section>\n<section>\n<h2>Caract\u00e9ristiques principales<\/h2>\n<h3>1. Enroulement rapide<\/h3>\n<p>La vitesse du plateau tournant est de 12 tours\/minute, ce qui permet au PS-K120S G3 d'emballer une palette standard en seulement une minute. L'\u0153il photo int\u00e9gr\u00e9 d\u00e9tecte automatiquement le haut des palettes, garantissant des emballages pr\u00e9cis et professionnels qui laisseront une impression durable sur vos clients.<\/p>\n<h3>2. Efficacit\u00e9 et pr\u00e9cision accrues<\/h3>\n<p>La PS-K120S G3 fournit des devis d'exp\u00e9dition pr\u00e9cis, ce qui vous permet d'\u00e9viter les frais et p\u00e9nalit\u00e9s \u00e9ventuels. Son moteur de pr\u00e9-\u00e9tirage 200% maximise l'utilisation des bobines de film, offrant une valeur exceptionnelle pour votre investissement.<\/p>\n<h3>3. Une flexibilit\u00e9 in\u00e9gal\u00e9e<\/h3>\n<p>Cr\u00e9ez et appliquez sans effort des \u00e9tiquettes directement sur les palettes ou les documents d'exp\u00e9dition. La compatibilit\u00e9 avec les transmetteurs sans fil (en option) permet un transfert transparent des donn\u00e9es et un stockage pratique au format CSV. En int\u00e9grant le pesage, la mesure, l'emballage et l'\u00e9tiquetage, chaque palette est trait\u00e9e de mani\u00e8re compl\u00e8te sans \u00e9tapes suppl\u00e9mentaires.<\/p>\n<h3>4. Technologie de pointe<\/h3>\n<p>Le PS-K120S G3 utilise des caract\u00e9ristiques et des fonctionnalit\u00e9s avanc\u00e9es pour \u00e9conomiser du temps et des ressources pr\u00e9cieuses. Utilisant une technologie de pointe, cette machine fournit des r\u00e9sultats efficaces et pr\u00e9cis.<\/p>\n<\/section>\n<section>\n<h2>Sp\u00e9cifications de la table tournante\/du cadre<\/h2>\n<ul>\n<li>Diam\u00e8tre de 65\u2033, plaque d'acier d\u00e9coup\u00e9e au laser de 3\/8\u2033.<\/li>\n<li>Capacit\u00e9 de charge de 5000 lb<\/li>\n<li>ANSI# 50 Entra\u00eenement par cha\u00eene avec r\u00e9glage de la tension<\/li>\n<li>D\u00e9marrage\/arr\u00eat \u00e9lectronique progressif<\/li>\n<li>Vitesse variable (1-12 RPM)<\/li>\n<li>Moteur d'entra\u00eenement \u00e0 courant continu 1\/2 HP<\/li>\n<li>200% fonction de pr\u00e9-\u00e9tirement<\/li>\n<li>Conception \u00e0 profil bas<\/li>\n<li>Home Capteur de position de proximit\u00e9<\/li>\n<li>Syst\u00e8me d'entra\u00eenement sans entretien, aucune lubrification n'est n\u00e9cessaire<\/li>\n<li>Palier double \u00e9tanche (aucune lubrification n\u00e9cessaire)<\/li>\n<li>12\u2033 Entra\u00eenement du volant moteur<\/li>\n<li>Syst\u00e8me de support \u00e0 double palier \u00e0 rev\u00eatement ph\u00e9nolique en 8 points tr\u00e8s r\u00e9sistants<\/li>\n<li>Canaux int\u00e9gr\u00e9s pour chariots \u00e9l\u00e9vateurs<\/li>\n<\/ul>\n<\/section>\n<section><div style=\"width: 800px;\" class=\"wp-video\"><video class=\"wp-video-shortcode\" id=\"video-561-1\" width=\"800\" height=\"450\" preload=\"metadata\" controls=\"controls\"><source type=\"video\/mp4\" src=\"https:\/\/bizdepotmiami.com\/wp-content\/uploads\/2024\/03\/PS-K120G-G3_Demo.mp4?_=1\" \/><a href=\"https:\/\/bizdepotmiami.com\/wp-content\/uploads\/2024\/03\/PS-K120G-G3_Demo.mp4\">https:\/\/bizdepotmiami.com\/wp-content\/uploads\/2024\/03\/PS-K120G-G3_Demo.mp4<\/a><\/video><\/div><\/p>\n<h2>R\u00e9flexions finales<\/h2>\n<p>Pr\u00e9parez-vous \u00e0 transformer vos op\u00e9rations d'emballage avec la puissante machine d'emballage sous film \u00e9tirable PS-K120S G3-a avec balance qui combine de mani\u00e8re transparente l'efficacit\u00e9, la pr\u00e9cision et la technologie de pointe pour rationaliser vos processus et fournir des r\u00e9sultats exceptionnels.<\/p>\n<\/section>\n<div class=\"wp-video\">\n<div id=\"mep_0\" class=\"mejs-container wp-video-shortcode mejs-video\" tabindex=\"0\" role=\"application\" aria-label=\"Lecteur vid\u00e9o\">\n<div class=\"mejs-inner\">\n<div class=\"mejs-mediaelement\">\n<p>Livraison gratuite dans la r\u00e9gion de Miami<\/p>\n<\/div>\n<\/div>\n<\/div>\n<\/div>","protected":false},"excerpt":{"rendered":"<p>En tant que chef d'entreprise, vous exp\u00e9diez peut-\u00eatre r\u00e9guli\u00e8rement des produits. Si vous exp\u00e9diez plus de cinq palettes par jour, il est temps de commencer \u00e0 \u00e9tudier les possibilit\u00e9s de r\u00e9duction des co\u00fbts. Une machine d'emballage sous film \u00e9tirable est l'un des moyens les plus efficaces de r\u00e9duire vos frais d'exp\u00e9dition.<\/p>","protected":false},"featured_media":562,"comment_status":"open","ping_status":"closed","template":"","meta":[],"product_brand":[],"product_cat":[15,42],"product_tag":[45,47,46],"class_list":{"0":"post-561","1":"product","2":"type-product","3":"status-publish","4":"has-post-thumbnail","6":"product_cat-industrial-scales","7":"product_cat-packing-machine","8":"product_tag-prime-systems","9":"product_tag-stretch-wrapper","10":"product_tag-wrapping-machine","12":"first","13":"instock","14":"sale","15":"taxable","16":"shipping-taxable","17":"purchasable","18":"product-type-simple"},"yoast_head":"<!-- This site is optimized with the Yoast SEO plugin v27.4 - https:\/\/yoast.com\/product\/yoast-seo-wordpress\/ -->\n<title>Prime Systems PS-K120S G3 Multi-Functional Stretch Wrap Machine With Built-In Weight And Height Measurer And Label Printer - BizDepot Miami<\/title>\n<meta name=\"robots\" content=\"index, follow, max-snippet:-1, max-image-preview:large, max-video-preview:-1\" \/>\n<link rel=\"canonical\" href=\"https:\/\/bizdepot.miami\/product\/prime-systems-ps-k120s-g3-multi-functional-stretch-wrap-machine-with-built-in-weight-and-height-measurer-and-label-printer\/\" \/>\n<meta property=\"og:locale\" content=\"fr_CA\" \/>\n<meta property=\"og:type\" content=\"article\" \/>\n<meta property=\"og:title\" content=\"Prime Systems PS-K120S G3 Multi-Functional Stretch Wrap Machine With Built-In Weight And Height Measurer And Label Printer - BizDepot Miami\" \/>\n<meta property=\"og:description\" content=\"As a business owner, you may be shipping products regularly. If you\u2019re shipping more than five pallets every day, then it\u2019s time to start exploring cost-saving options. A stretch wrap machine is one of the most efficient ways to lower your shipping expenses.\" \/>\n<meta property=\"og:url\" content=\"https:\/\/bizdepot.miami\/product\/prime-systems-ps-k120s-g3-multi-functional-stretch-wrap-machine-with-built-in-weight-and-height-measurer-and-label-printer\/\" \/>\n<meta property=\"og:site_name\" content=\"BizDepot Miami\" \/>\n<meta property=\"article:modified_time\" content=\"2024-03-04T03:57:37+00:00\" \/>\n<meta property=\"og:image\" content=\"https:\/\/bizdepot.miami\/wp-content\/uploads\/2024\/03\/K120S-G3.jpg\" \/>\n\t<meta property=\"og:image:width\" content=\"1440\" \/>\n\t<meta property=\"og:image:height\" content=\"1440\" \/>\n\t<meta property=\"og:image:type\" content=\"image\/jpeg\" \/>\n<meta name=\"twitter:card\" content=\"summary_large_image\" \/>\n<meta name=\"twitter:label1\" content=\"Estimation du temps de lecture\" \/>\n\t<meta name=\"twitter:data1\" content=\"2 minutes\" \/>\n<script type=\"application\/ld+json\" class=\"yoast-schema-graph\">{\"@context\":\"https:\\\/\\\/schema.org\",\"@graph\":[{\"@type\":\"WebPage\",\"@id\":\"https:\\\/\\\/bizdepot.miami\\\/product\\\/prime-systems-ps-k120s-g3-multi-functional-stretch-wrap-machine-with-built-in-weight-and-height-measurer-and-label-printer\\\/\",\"url\":\"https:\\\/\\\/bizdepot.miami\\\/product\\\/prime-systems-ps-k120s-g3-multi-functional-stretch-wrap-machine-with-built-in-weight-and-height-measurer-and-label-printer\\\/\",\"name\":\"Prime Systems PS-K120S G3 Multi-Functional Stretch Wrap Machine With Built-In Weight And Height Measurer And Label Printer - BizDepot Miami\",\"isPartOf\":{\"@id\":\"https:\\\/\\\/bizdepotmiami.com\\\/#website\"},\"primaryImageOfPage\":{\"@id\":\"https:\\\/\\\/bizdepot.miami\\\/product\\\/prime-systems-ps-k120s-g3-multi-functional-stretch-wrap-machine-with-built-in-weight-and-height-measurer-and-label-printer\\\/#primaryimage\"},\"image\":{\"@id\":\"https:\\\/\\\/bizdepot.miami\\\/product\\\/prime-systems-ps-k120s-g3-multi-functional-stretch-wrap-machine-with-built-in-weight-and-height-measurer-and-label-printer\\\/#primaryimage\"},\"thumbnailUrl\":\"https:\\\/\\\/bizdepotmiami.com\\\/wp-content\\\/uploads\\\/2024\\\/03\\\/K120S-G3.jpg\",\"datePublished\":\"2024-03-04T00:51:48+00:00\",\"dateModified\":\"2024-03-04T03:57:37+00:00\",\"breadcrumb\":{\"@id\":\"https:\\\/\\\/bizdepot.miami\\\/product\\\/prime-systems-ps-k120s-g3-multi-functional-stretch-wrap-machine-with-built-in-weight-and-height-measurer-and-label-printer\\\/#breadcrumb\"},\"inLanguage\":\"fr-CA\",\"potentialAction\":[{\"@type\":\"ReadAction\",\"target\":[\"https:\\\/\\\/bizdepot.miami\\\/product\\\/prime-systems-ps-k120s-g3-multi-functional-stretch-wrap-machine-with-built-in-weight-and-height-measurer-and-label-printer\\\/\"]}]},{\"@type\":\"ImageObject\",\"inLanguage\":\"fr-CA\",\"@id\":\"https:\\\/\\\/bizdepot.miami\\\/product\\\/prime-systems-ps-k120s-g3-multi-functional-stretch-wrap-machine-with-built-in-weight-and-height-measurer-and-label-printer\\\/#primaryimage\",\"url\":\"https:\\\/\\\/bizdepotmiami.com\\\/wp-content\\\/uploads\\\/2024\\\/03\\\/K120S-G3.jpg\",\"contentUrl\":\"https:\\\/\\\/bizdepotmiami.com\\\/wp-content\\\/uploads\\\/2024\\\/03\\\/K120S-G3.jpg\",\"width\":1440,\"height\":1440},{\"@type\":\"BreadcrumbList\",\"@id\":\"https:\\\/\\\/bizdepot.miami\\\/product\\\/prime-systems-ps-k120s-g3-multi-functional-stretch-wrap-machine-with-built-in-weight-and-height-measurer-and-label-printer\\\/#breadcrumb\",\"itemListElement\":[{\"@type\":\"ListItem\",\"position\":1,\"name\":\"Home\",\"item\":\"https:\\\/\\\/bizdepot.miami\\\/\"},{\"@type\":\"ListItem\",\"position\":2,\"name\":\"Store\",\"item\":\"https:\\\/\\\/bizdepot.miami\\\/store-2\\\/\"},{\"@type\":\"ListItem\",\"position\":3,\"name\":\"Prime Systems PS-K120S G3 Multi-Functional Stretch Wrap Machine With Built-In Weight And Height Measurer And Label Printer\"}]},{\"@type\":\"WebSite\",\"@id\":\"https:\\\/\\\/bizdepotmiami.com\\\/#website\",\"url\":\"https:\\\/\\\/bizdepotmiami.com\\\/\",\"name\":\"BizDepot Miami\",\"description\":\"\",\"publisher\":{\"@id\":\"https:\\\/\\\/bizdepotmiami.com\\\/#organization\"},\"potentialAction\":[{\"@type\":\"SearchAction\",\"target\":{\"@type\":\"EntryPoint\",\"urlTemplate\":\"https:\\\/\\\/bizdepotmiami.com\\\/?s={search_term_string}\"},\"query-input\":{\"@type\":\"PropertyValueSpecification\",\"valueRequired\":true,\"valueName\":\"search_term_string\"}}],\"inLanguage\":\"fr-CA\"},{\"@type\":\"Organization\",\"@id\":\"https:\\\/\\\/bizdepotmiami.com\\\/#organization\",\"name\":\"BizDepot Miami\",\"url\":\"https:\\\/\\\/bizdepotmiami.com\\\/\",\"logo\":{\"@type\":\"ImageObject\",\"inLanguage\":\"fr-CA\",\"@id\":\"https:\\\/\\\/bizdepotmiami.com\\\/#\\\/schema\\\/logo\\\/image\\\/\",\"url\":\"https:\\\/\\\/bizdepotmiami.com\\\/wp-content\\\/uploads\\\/2024\\\/04\\\/BizDepotLogo2024.png\",\"contentUrl\":\"https:\\\/\\\/bizdepotmiami.com\\\/wp-content\\\/uploads\\\/2024\\\/04\\\/BizDepotLogo2024.png\",\"width\":600,\"height\":134,\"caption\":\"BizDepot Miami\"},\"image\":{\"@id\":\"https:\\\/\\\/bizdepotmiami.com\\\/#\\\/schema\\\/logo\\\/image\\\/\"}}]}<\/script>\n<!-- \/ Yoast SEO plugin. -->","yoast_head_json":{"title":"Prime Systems PS-K120S G3 Multi-Functional Stretch Wrap Machine With Built-In Weight And Height Measurer And Label Printer - BizDepot Miami","robots":{"index":"index","follow":"follow","max-snippet":"max-snippet:-1","max-image-preview":"max-image-preview:large","max-video-preview":"max-video-preview:-1"},"canonical":"https:\/\/bizdepot.miami\/product\/prime-systems-ps-k120s-g3-multi-functional-stretch-wrap-machine-with-built-in-weight-and-height-measurer-and-label-printer\/","og_locale":"fr_CA","og_type":"article","og_title":"Prime Systems PS-K120S G3 Multi-Functional Stretch Wrap Machine With Built-In Weight And Height Measurer And Label Printer - BizDepot Miami","og_description":"As a business owner, you may be shipping products regularly. If you\u2019re shipping more than five pallets every day, then it\u2019s time to start exploring cost-saving options. A stretch wrap machine is one of the most efficient ways to lower your shipping expenses.","og_url":"https:\/\/bizdepot.miami\/product\/prime-systems-ps-k120s-g3-multi-functional-stretch-wrap-machine-with-built-in-weight-and-height-measurer-and-label-printer\/","og_site_name":"BizDepot Miami","article_modified_time":"2024-03-04T03:57:37+00:00","og_image":[{"width":1440,"height":1440,"url":"https:\/\/bizdepot.miami\/wp-content\/uploads\/2024\/03\/K120S-G3.jpg","type":"image\/jpeg"}],"twitter_card":"summary_large_image","twitter_misc":{"Estimation du temps de lecture":"2 minutes"},"schema":{"@context":"https:\/\/schema.org","@graph":[{"@type":"WebPage","@id":"https:\/\/bizdepot.miami\/product\/prime-systems-ps-k120s-g3-multi-functional-stretch-wrap-machine-with-built-in-weight-and-height-measurer-and-label-printer\/","url":"https:\/\/bizdepot.miami\/product\/prime-systems-ps-k120s-g3-multi-functional-stretch-wrap-machine-with-built-in-weight-and-height-measurer-and-label-printer\/","name":"Prime Systems PS-K120S G3 Multi-Functional Stretch Wrap Machine With Built-In Weight And Height Measurer And Label Printer - BizDepot Miami","isPartOf":{"@id":"https:\/\/bizdepotmiami.com\/#website"},"primaryImageOfPage":{"@id":"https:\/\/bizdepot.miami\/product\/prime-systems-ps-k120s-g3-multi-functional-stretch-wrap-machine-with-built-in-weight-and-height-measurer-and-label-printer\/#primaryimage"},"image":{"@id":"https:\/\/bizdepot.miami\/product\/prime-systems-ps-k120s-g3-multi-functional-stretch-wrap-machine-with-built-in-weight-and-height-measurer-and-label-printer\/#primaryimage"},"thumbnailUrl":"https:\/\/bizdepotmiami.com\/wp-content\/uploads\/2024\/03\/K120S-G3.jpg","datePublished":"2024-03-04T00:51:48+00:00","dateModified":"2024-03-04T03:57:37+00:00","breadcrumb":{"@id":"https:\/\/bizdepot.miami\/product\/prime-systems-ps-k120s-g3-multi-functional-stretch-wrap-machine-with-built-in-weight-and-height-measurer-and-label-printer\/#breadcrumb"},"inLanguage":"fr-CA","potentialAction":[{"@type":"ReadAction","target":["https:\/\/bizdepot.miami\/product\/prime-systems-ps-k120s-g3-multi-functional-stretch-wrap-machine-with-built-in-weight-and-height-measurer-and-label-printer\/"]}]},{"@type":"ImageObject","inLanguage":"fr-CA","@id":"https:\/\/bizdepot.miami\/product\/prime-systems-ps-k120s-g3-multi-functional-stretch-wrap-machine-with-built-in-weight-and-height-measurer-and-label-printer\/#primaryimage","url":"https:\/\/bizdepotmiami.com\/wp-content\/uploads\/2024\/03\/K120S-G3.jpg","contentUrl":"https:\/\/bizdepotmiami.com\/wp-content\/uploads\/2024\/03\/K120S-G3.jpg","width":1440,"height":1440},{"@type":"BreadcrumbList","@id":"https:\/\/bizdepot.miami\/product\/prime-systems-ps-k120s-g3-multi-functional-stretch-wrap-machine-with-built-in-weight-and-height-measurer-and-label-printer\/#breadcrumb","itemListElement":[{"@type":"ListItem","position":1,"name":"Home","item":"https:\/\/bizdepot.miami\/"},{"@type":"ListItem","position":2,"name":"Store","item":"https:\/\/bizdepot.miami\/store-2\/"},{"@type":"ListItem","position":3,"name":"Prime Systems PS-K120S G3 Multi-Functional Stretch Wrap Machine With Built-In Weight And Height Measurer And Label Printer"}]},{"@type":"WebSite","@id":"https:\/\/bizdepotmiami.com\/#website","url":"https:\/\/bizdepotmiami.com\/","name":"BizDepot Miami","description":"","publisher":{"@id":"https:\/\/bizdepotmiami.com\/#organization"},"potentialAction":[{"@type":"SearchAction","target":{"@type":"EntryPoint","urlTemplate":"https:\/\/bizdepotmiami.com\/?s={search_term_string}"},"query-input":{"@type":"PropertyValueSpecification","valueRequired":true,"valueName":"search_term_string"}}],"inLanguage":"fr-CA"},{"@type":"Organization","@id":"https:\/\/bizdepotmiami.com\/#organization","name":"BizDepot Miami","url":"https:\/\/bizdepotmiami.com\/","logo":{"@type":"ImageObject","inLanguage":"fr-CA","@id":"https:\/\/bizdepotmiami.com\/#\/schema\/logo\/image\/","url":"https:\/\/bizdepotmiami.com\/wp-content\/uploads\/2024\/04\/BizDepotLogo2024.png","contentUrl":"https:\/\/bizdepotmiami.com\/wp-content\/uploads\/2024\/04\/BizDepotLogo2024.png","width":600,"height":134,"caption":"BizDepot Miami"},"image":{"@id":"https:\/\/bizdepotmiami.com\/#\/schema\/logo\/image\/"}}]}},"_links":{"self":[{"href":"https:\/\/bizdepotmiami.com\/fr\/wp-json\/wp\/v2\/product\/561","targetHints":{"allow":["GET"]}}],"collection":[{"href":"https:\/\/bizdepotmiami.com\/fr\/wp-json\/wp\/v2\/product"}],"about":[{"href":"https:\/\/bizdepotmiami.com\/fr\/wp-json\/wp\/v2\/types\/product"}],"replies":[{"embeddable":true,"href":"https:\/\/bizdepotmiami.com\/fr\/wp-json\/wp\/v2\/comments?post=561"}],"wp:featuredmedia":[{"embeddable":true,"href":"https:\/\/bizdepotmiami.com\/fr\/wp-json\/wp\/v2\/media\/562"}],"wp:attachment":[{"href":"https:\/\/bizdepotmiami.com\/fr\/wp-json\/wp\/v2\/media?parent=561"}],"wp:term":[{"taxonomy":"product_brand","embeddable":true,"href":"https:\/\/bizdepotmiami.com\/fr\/wp-json\/wp\/v2\/product_brand?post=561"},{"taxonomy":"product_cat","embeddable":true,"href":"https:\/\/bizdepotmiami.com\/fr\/wp-json\/wp\/v2\/product_cat?post=561"},{"taxonomy":"product_tag","embeddable":true,"href":"https:\/\/bizdepotmiami.com\/fr\/wp-json\/wp\/v2\/product_tag?post=561"}],"curies":[{"name":"wp","href":"https:\/\/api.w.org\/{rel}","templated":true}]}}