{"id":644,"date":"2024-03-18T11:53:42","date_gmt":"2024-03-18T11:53:42","guid":{"rendered":"https:\/\/bizdepot.miami\/?post_type=product&#038;p=644"},"modified":"2024-03-18T13:21:25","modified_gmt":"2024-03-18T13:21:25","slug":"miami-area-local-delivery-service","status":"publish","type":"product","link":"https:\/\/bizdepotmiami.com\/fr\/produit\/miami-area-local-delivery-service\/","title":{"rendered":"Service de livraison locale dans la r\u00e9gion de Miami"},"content":{"rendered":"<p>Bienvenue chez JP Delivery Service, votre premier choix en mati\u00e8re de services de livraison locale dans la m\u00e9tropole dynamique de Miami. Gr\u00e2ce \u00e0 notre engagement en faveur de la fiabilit\u00e9, de l'efficacit\u00e9 et d'un service client\u00e8le in\u00e9gal\u00e9, nous sommes l\u00e0 pour nous assurer que vos marchandises arrivent \u00e0 destination rapidement et en toute s\u00e9curit\u00e9, \u00e0 chaque fois.<\/p>\n<p>Pourquoi nous choisir ?<\/p>\n<ul>\n<li><strong>Expertise locale :<\/strong> Natifs de Miami, nous connaissons la ville comme notre poche. Qu'il s'agisse de naviguer dans les rues anim\u00e9es ou de comprendre les sch\u00e9mas de circulation, nos chauffeurs sont dot\u00e9s de l'expertise locale n\u00e9cessaire pour acheminer vos envois l\u00e0 o\u00f9 ils doivent aller, sans d\u00e9lai.<\/li>\n<li><strong>Une flotte \u00e0 la pointe de la technologie :<\/strong> Notre flotte de v\u00e9hicules \u00e0 la pointe de la technologie est m\u00e9ticuleusement entretenue et \u00e9quip\u00e9e des derni\u00e8res technologies afin de garantir des op\u00e9rations sans heurts et des livraisons dans les d\u00e9lais. Qu'il s'agisse de petits colis ou de marchandises surdimensionn\u00e9es, nous avons la solution parfaite pour r\u00e9pondre \u00e0 vos besoins en mati\u00e8re de transport.<\/li>\n<li><strong>Fiabilit\u00e9 garantie :<\/strong> Chez Miami Local Trucking, la fiabilit\u00e9 n'est pas seulement une promesse, c'est notre engagement. Nous comprenons l'importance des d\u00e9lais et nous nous effor\u00e7ons de d\u00e9passer vos attentes \u00e0 chaque livraison. Avec nous, vous pouvez \u00eatre s\u00fbr que vos exp\u00e9ditions sont entre de bonnes mains.<\/li>\n<li><strong>Un service \u00e0 la client\u00e8le exceptionnel :<\/strong> Votre satisfaction est notre priorit\u00e9 absolue. Notre \u00e9quipe amicale et professionnelle est disponible 24 heures sur 24 pour r\u00e9pondre \u00e0 toutes vos questions ou pr\u00e9occupations. Nous croyons en l'\u00e9tablissement de relations durables avec nos clients et nous nous effor\u00e7ons de faire en sorte que votre exp\u00e9rience avec nous soit transparente et sans stress.<\/li>\n<li><strong>Des solutions sur mesure :<\/strong> Nous savons que chaque entreprise est unique, c'est pourquoi nous proposons des solutions de livraison flexibles et personnalisables pour r\u00e9pondre \u00e0 vos besoins sp\u00e9cifiques. Que vous ayez besoin d'une livraison le jour m\u00eame, d'envois r\u00e9currents ou d'une manutention sp\u00e9cialis\u00e9e, nous avons ce qu'il vous faut.<\/li>\n<\/ul>\n<p>Faites l'exp\u00e9rience de la diff\u00e9rence JP Delivery : Rejoignez les rangs des entreprises satisfaites qui font confiance \u00e0 JP Delivery pour leurs besoins de livraison. Avec notre engagement in\u00e9branlable envers l'excellence, nous sommes l\u00e0 pour \u00e9lever votre jeu logistique et propulser votre entreprise vers le succ\u00e8s.<\/p>","protected":false},"excerpt":{"rendered":"<p>Contactez-nous d\u00e8s aujourd'hui : (305) 994-9929<\/p>\n<p>Vous \u00eates pr\u00eat \u00e0 d\u00e9couvrir la commodit\u00e9 des livraisons sans rupture dans la Magic City ? Contactez-nous d\u00e8s aujourd'hui pour en savoir plus sur nos services et demander un devis. JP Delivery : L\u00e0 o\u00f9 la fiabilit\u00e9 rencontre l'excellence \u00e0 chaque kilom\u00e8tre.<\/p>","protected":false},"featured_media":645,"comment_status":"open","ping_status":"closed","template":"","meta":[],"product_brand":[],"product_cat":[15],"product_tag":[],"class_list":{"0":"post-644","1":"product","2":"type-product","3":"status-publish","4":"has-post-thumbnail","6":"product_cat-industrial-scales","8":"first","9":"instock","10":"taxable","11":"shipping-taxable","12":"product-type-simple"},"yoast_head":"<!-- This site is optimized with the Yoast SEO plugin v27.4 - https:\/\/yoast.com\/product\/yoast-seo-wordpress\/ -->\n<title>Miami Area Local Delivery Service - BizDepot Miami<\/title>\n<meta name=\"robots\" content=\"index, follow, max-snippet:-1, max-image-preview:large, max-video-preview:-1\" \/>\n<link rel=\"canonical\" href=\"https:\/\/bizdepot.miami\/product\/miami-area-local-delivery-service\/\" \/>\n<meta property=\"og:locale\" content=\"fr_CA\" \/>\n<meta property=\"og:type\" content=\"article\" \/>\n<meta property=\"og:title\" content=\"Miami Area Local Delivery Service - BizDepot Miami\" \/>\n<meta property=\"og:description\" content=\"Contact Us Today: (305) 994-9929  Ready to experience the convenience of seamless deliveries in the Magic City? Get in touch with us today to learn more about our services and request a quote. JP Delivery: Where reliability meets excellence in every mile.\" \/>\n<meta property=\"og:url\" content=\"https:\/\/bizdepot.miami\/product\/miami-area-local-delivery-service\/\" \/>\n<meta property=\"og:site_name\" content=\"BizDepot Miami\" \/>\n<meta property=\"article:modified_time\" content=\"2024-03-18T13:21:25+00:00\" \/>\n<meta property=\"og:image\" content=\"https:\/\/bizdepot.miami\/wp-content\/uploads\/2024\/03\/truck_delivery-1024x1024.jpeg\" \/>\n\t<meta property=\"og:image:width\" content=\"1024\" \/>\n\t<meta property=\"og:image:height\" content=\"1024\" \/>\n\t<meta property=\"og:image:type\" content=\"image\/jpeg\" \/>\n<meta name=\"twitter:card\" content=\"summary_large_image\" \/>\n<meta name=\"twitter:label1\" content=\"Estimation du temps de lecture\" \/>\n\t<meta name=\"twitter:data1\" content=\"2 minutes\" \/>\n<script type=\"application\/ld+json\" class=\"yoast-schema-graph\">{\"@context\":\"https:\\\/\\\/schema.org\",\"@graph\":[{\"@type\":\"WebPage\",\"@id\":\"https:\\\/\\\/bizdepot.miami\\\/product\\\/miami-area-local-delivery-service\\\/\",\"url\":\"https:\\\/\\\/bizdepot.miami\\\/product\\\/miami-area-local-delivery-service\\\/\",\"name\":\"Miami Area Local Delivery Service - BizDepot Miami\",\"isPartOf\":{\"@id\":\"https:\\\/\\\/bizdepotmiami.com\\\/#website\"},\"primaryImageOfPage\":{\"@id\":\"https:\\\/\\\/bizdepot.miami\\\/product\\\/miami-area-local-delivery-service\\\/#primaryimage\"},\"image\":{\"@id\":\"https:\\\/\\\/bizdepot.miami\\\/product\\\/miami-area-local-delivery-service\\\/#primaryimage\"},\"thumbnailUrl\":\"https:\\\/\\\/bizdepotmiami.com\\\/wp-content\\\/uploads\\\/2024\\\/03\\\/truck_delivery.jpeg\",\"datePublished\":\"2024-03-18T11:53:42+00:00\",\"dateModified\":\"2024-03-18T13:21:25+00:00\",\"breadcrumb\":{\"@id\":\"https:\\\/\\\/bizdepot.miami\\\/product\\\/miami-area-local-delivery-service\\\/#breadcrumb\"},\"inLanguage\":\"fr-CA\",\"potentialAction\":[{\"@type\":\"ReadAction\",\"target\":[\"https:\\\/\\\/bizdepot.miami\\\/product\\\/miami-area-local-delivery-service\\\/\"]}]},{\"@type\":\"ImageObject\",\"inLanguage\":\"fr-CA\",\"@id\":\"https:\\\/\\\/bizdepot.miami\\\/product\\\/miami-area-local-delivery-service\\\/#primaryimage\",\"url\":\"https:\\\/\\\/bizdepotmiami.com\\\/wp-content\\\/uploads\\\/2024\\\/03\\\/truck_delivery.jpeg\",\"contentUrl\":\"https:\\\/\\\/bizdepotmiami.com\\\/wp-content\\\/uploads\\\/2024\\\/03\\\/truck_delivery.jpeg\",\"width\":2400,\"height\":2400},{\"@type\":\"BreadcrumbList\",\"@id\":\"https:\\\/\\\/bizdepot.miami\\\/product\\\/miami-area-local-delivery-service\\\/#breadcrumb\",\"itemListElement\":[{\"@type\":\"ListItem\",\"position\":1,\"name\":\"Home\",\"item\":\"https:\\\/\\\/bizdepot.miami\\\/\"},{\"@type\":\"ListItem\",\"position\":2,\"name\":\"Store\",\"item\":\"https:\\\/\\\/bizdepot.miami\\\/store-2\\\/\"},{\"@type\":\"ListItem\",\"position\":3,\"name\":\"Miami Area Local Delivery Service\"}]},{\"@type\":\"WebSite\",\"@id\":\"https:\\\/\\\/bizdepotmiami.com\\\/#website\",\"url\":\"https:\\\/\\\/bizdepotmiami.com\\\/\",\"name\":\"BizDepot Miami\",\"description\":\"\",\"publisher\":{\"@id\":\"https:\\\/\\\/bizdepotmiami.com\\\/#organization\"},\"potentialAction\":[{\"@type\":\"SearchAction\",\"target\":{\"@type\":\"EntryPoint\",\"urlTemplate\":\"https:\\\/\\\/bizdepotmiami.com\\\/?s={search_term_string}\"},\"query-input\":{\"@type\":\"PropertyValueSpecification\",\"valueRequired\":true,\"valueName\":\"search_term_string\"}}],\"inLanguage\":\"fr-CA\"},{\"@type\":\"Organization\",\"@id\":\"https:\\\/\\\/bizdepotmiami.com\\\/#organization\",\"name\":\"BizDepot Miami\",\"url\":\"https:\\\/\\\/bizdepotmiami.com\\\/\",\"logo\":{\"@type\":\"ImageObject\",\"inLanguage\":\"fr-CA\",\"@id\":\"https:\\\/\\\/bizdepotmiami.com\\\/#\\\/schema\\\/logo\\\/image\\\/\",\"url\":\"https:\\\/\\\/bizdepotmiami.com\\\/wp-content\\\/uploads\\\/2024\\\/04\\\/BizDepotLogo2024.png\",\"contentUrl\":\"https:\\\/\\\/bizdepotmiami.com\\\/wp-content\\\/uploads\\\/2024\\\/04\\\/BizDepotLogo2024.png\",\"width\":600,\"height\":134,\"caption\":\"BizDepot Miami\"},\"image\":{\"@id\":\"https:\\\/\\\/bizdepotmiami.com\\\/#\\\/schema\\\/logo\\\/image\\\/\"}}]}<\/script>\n<!-- \/ Yoast SEO plugin. -->","yoast_head_json":{"title":"Miami Area Local Delivery Service - BizDepot Miami","robots":{"index":"index","follow":"follow","max-snippet":"max-snippet:-1","max-image-preview":"max-image-preview:large","max-video-preview":"max-video-preview:-1"},"canonical":"https:\/\/bizdepot.miami\/product\/miami-area-local-delivery-service\/","og_locale":"fr_CA","og_type":"article","og_title":"Miami Area Local Delivery Service - BizDepot Miami","og_description":"Contact Us Today: (305) 994-9929  Ready to experience the convenience of seamless deliveries in the Magic City? Get in touch with us today to learn more about our services and request a quote. JP Delivery: Where reliability meets excellence in every mile.","og_url":"https:\/\/bizdepot.miami\/product\/miami-area-local-delivery-service\/","og_site_name":"BizDepot Miami","article_modified_time":"2024-03-18T13:21:25+00:00","og_image":[{"width":1024,"height":1024,"url":"https:\/\/bizdepot.miami\/wp-content\/uploads\/2024\/03\/truck_delivery-1024x1024.jpeg","type":"image\/jpeg"}],"twitter_card":"summary_large_image","twitter_misc":{"Estimation du temps de lecture":"2 minutes"},"schema":{"@context":"https:\/\/schema.org","@graph":[{"@type":"WebPage","@id":"https:\/\/bizdepot.miami\/product\/miami-area-local-delivery-service\/","url":"https:\/\/bizdepot.miami\/product\/miami-area-local-delivery-service\/","name":"Miami Area Local Delivery Service - BizDepot Miami","isPartOf":{"@id":"https:\/\/bizdepotmiami.com\/#website"},"primaryImageOfPage":{"@id":"https:\/\/bizdepot.miami\/product\/miami-area-local-delivery-service\/#primaryimage"},"image":{"@id":"https:\/\/bizdepot.miami\/product\/miami-area-local-delivery-service\/#primaryimage"},"thumbnailUrl":"https:\/\/bizdepotmiami.com\/wp-content\/uploads\/2024\/03\/truck_delivery.jpeg","datePublished":"2024-03-18T11:53:42+00:00","dateModified":"2024-03-18T13:21:25+00:00","breadcrumb":{"@id":"https:\/\/bizdepot.miami\/product\/miami-area-local-delivery-service\/#breadcrumb"},"inLanguage":"fr-CA","potentialAction":[{"@type":"ReadAction","target":["https:\/\/bizdepot.miami\/product\/miami-area-local-delivery-service\/"]}]},{"@type":"ImageObject","inLanguage":"fr-CA","@id":"https:\/\/bizdepot.miami\/product\/miami-area-local-delivery-service\/#primaryimage","url":"https:\/\/bizdepotmiami.com\/wp-content\/uploads\/2024\/03\/truck_delivery.jpeg","contentUrl":"https:\/\/bizdepotmiami.com\/wp-content\/uploads\/2024\/03\/truck_delivery.jpeg","width":2400,"height":2400},{"@type":"BreadcrumbList","@id":"https:\/\/bizdepot.miami\/product\/miami-area-local-delivery-service\/#breadcrumb","itemListElement":[{"@type":"ListItem","position":1,"name":"Home","item":"https:\/\/bizdepot.miami\/"},{"@type":"ListItem","position":2,"name":"Store","item":"https:\/\/bizdepot.miami\/store-2\/"},{"@type":"ListItem","position":3,"name":"Miami Area Local Delivery Service"}]},{"@type":"WebSite","@id":"https:\/\/bizdepotmiami.com\/#website","url":"https:\/\/bizdepotmiami.com\/","name":"BizDepot Miami","description":"","publisher":{"@id":"https:\/\/bizdepotmiami.com\/#organization"},"potentialAction":[{"@type":"SearchAction","target":{"@type":"EntryPoint","urlTemplate":"https:\/\/bizdepotmiami.com\/?s={search_term_string}"},"query-input":{"@type":"PropertyValueSpecification","valueRequired":true,"valueName":"search_term_string"}}],"inLanguage":"fr-CA"},{"@type":"Organization","@id":"https:\/\/bizdepotmiami.com\/#organization","name":"BizDepot Miami","url":"https:\/\/bizdepotmiami.com\/","logo":{"@type":"ImageObject","inLanguage":"fr-CA","@id":"https:\/\/bizdepotmiami.com\/#\/schema\/logo\/image\/","url":"https:\/\/bizdepotmiami.com\/wp-content\/uploads\/2024\/04\/BizDepotLogo2024.png","contentUrl":"https:\/\/bizdepotmiami.com\/wp-content\/uploads\/2024\/04\/BizDepotLogo2024.png","width":600,"height":134,"caption":"BizDepot Miami"},"image":{"@id":"https:\/\/bizdepotmiami.com\/#\/schema\/logo\/image\/"}}]}},"_links":{"self":[{"href":"https:\/\/bizdepotmiami.com\/fr\/wp-json\/wp\/v2\/product\/644","targetHints":{"allow":["GET"]}}],"collection":[{"href":"https:\/\/bizdepotmiami.com\/fr\/wp-json\/wp\/v2\/product"}],"about":[{"href":"https:\/\/bizdepotmiami.com\/fr\/wp-json\/wp\/v2\/types\/product"}],"replies":[{"embeddable":true,"href":"https:\/\/bizdepotmiami.com\/fr\/wp-json\/wp\/v2\/comments?post=644"}],"wp:featuredmedia":[{"embeddable":true,"href":"https:\/\/bizdepotmiami.com\/fr\/wp-json\/wp\/v2\/media\/645"}],"wp:attachment":[{"href":"https:\/\/bizdepotmiami.com\/fr\/wp-json\/wp\/v2\/media?parent=644"}],"wp:term":[{"taxonomy":"product_brand","embeddable":true,"href":"https:\/\/bizdepotmiami.com\/fr\/wp-json\/wp\/v2\/product_brand?post=644"},{"taxonomy":"product_cat","embeddable":true,"href":"https:\/\/bizdepotmiami.com\/fr\/wp-json\/wp\/v2\/product_cat?post=644"},{"taxonomy":"product_tag","embeddable":true,"href":"https:\/\/bizdepotmiami.com\/fr\/wp-json\/wp\/v2\/product_tag?post=644"}],"curies":[{"name":"wp","href":"https:\/\/api.w.org\/{rel}","templated":true}]}}